{"id":111,"date":"2023-02-24T11:31:39","date_gmt":"2023-02-24T14:31:39","guid":{"rendered":"https:\/\/lucasvasconcelosadv.com.br\/?page_id=111"},"modified":"2023-04-24T12:04:25","modified_gmt":"2023-04-24T15:04:25","slug":"areasdeatuacao","status":"publish","type":"page","link":"https:\/\/lucasvasconcelosadv.com.br\/index.php\/areasdeatuacao\/","title":{"rendered":"\u00c1reas de Atua\u00e7\u00e3o"},"content":{"rendered":"\t\t<div data-elementor-type=\"wp-page\" data-elementor-id=\"111\" class=\"elementor elementor-111\">\n\t\t\t\t\t\t\t\t\t<section class=\"elementor-section elementor-top-section elementor-element elementor-element-6a3fb34a elementor-section-boxed elementor-section-height-default elementor-section-height-default\" data-id=\"6a3fb34a\" data-element_type=\"section\" data-settings=\"{&quot;background_background&quot;:&quot;classic&quot;}\">\n\t\t\t\t\t\t\t<div class=\"elementor-background-overlay\"><\/div>\n\t\t\t\t\t\t\t<div class=\"elementor-container elementor-column-gap-default\">\n\t\t\t\t\t<div class=\"elementor-column elementor-col-100 elementor-top-column elementor-element elementor-element-2a595f6d\" data-id=\"2a595f6d\" data-element_type=\"column\">\n\t\t\t<div class=\"elementor-widget-wrap elementor-element-populated\">\n\t\t\t\t\t\t\t\t<div class=\"elementor-element elementor-element-6ac6c92c elementor-widget elementor-widget-heading\" data-id=\"6ac6c92c\" data-element_type=\"widget\" data-widget_type=\"heading.default\">\n\t\t\t\t<div class=\"elementor-widget-container\">\n\t\t\t<style>\/*! elementor - v3.11.2 - 22-02-2023 *\/\n.elementor-heading-title{padding:0;margin:0;line-height:1}.elementor-widget-heading .elementor-heading-title[class*=elementor-size-]>a{color:inherit;font-size:inherit;line-height:inherit}.elementor-widget-heading .elementor-heading-title.elementor-size-small{font-size:15px}.elementor-widget-heading .elementor-heading-title.elementor-size-medium{font-size:19px}.elementor-widget-heading .elementor-heading-title.elementor-size-large{font-size:29px}.elementor-widget-heading .elementor-heading-title.elementor-size-xl{font-size:39px}.elementor-widget-heading .elementor-heading-title.elementor-size-xxl{font-size:59px}<\/style><h1 class=\"elementor-heading-title elementor-size-default\">\u00c1reas de Atua\u00e7\u00e3o<\/h1>\t\t<\/div>\n\t\t\t\t<\/div>\n\t\t\t\t<div class=\"elementor-element elementor-element-65957c9c elementor-widget elementor-widget-pp-divider\" data-id=\"65957c9c\" data-element_type=\"widget\" data-widget_type=\"pp-divider.default\">\n\t\t\t\t<div class=\"elementor-widget-container\">\n\t\t\t\t\t<div class=\"pp-divider-wrap\">\n\t\t\t\t\t\t\t<div class=\"pp-divider pp-divider-horizontal horizontal pp-divider-dotted dotted\"><\/div>\n\t\t\t\t\t\t<\/div>    \n\t\t\t\t<\/div>\n\t\t\t\t<\/div>\n\t\t\t\t<div class=\"elementor-element elementor-element-10d62979 elementor-widget elementor-widget-text-editor\" data-id=\"10d62979\" data-element_type=\"widget\" data-widget_type=\"text-editor.default\">\n\t\t\t\t<div class=\"elementor-widget-container\">\n\t\t\t<style>\/*! elementor - v3.11.2 - 22-02-2023 *\/\n.elementor-widget-text-editor.elementor-drop-cap-view-stacked .elementor-drop-cap{background-color:#818a91;color:#fff}.elementor-widget-text-editor.elementor-drop-cap-view-framed .elementor-drop-cap{color:#818a91;border:3px solid;background-color:transparent}.elementor-widget-text-editor:not(.elementor-drop-cap-view-default) .elementor-drop-cap{margin-top:8px}.elementor-widget-text-editor:not(.elementor-drop-cap-view-default) .elementor-drop-cap-letter{width:1em;height:1em}.elementor-widget-text-editor .elementor-drop-cap{float:left;text-align:center;line-height:1;font-size:50px}.elementor-widget-text-editor .elementor-drop-cap-letter{display:inline-block}<\/style>\t\t\t\t<p>O escrit\u00f3rio visa o atendimento especializado e competente, compartilhando uma vis\u00e3o multidisciplinar para atendimento das mais variadas demandas dos clientes.<\/p>\t\t\t\t\t\t<\/div>\n\t\t\t\t<\/div>\n\t\t\t\t\t<\/div>\n\t\t<\/div>\n\t\t\t\t\t\t\t<\/div>\n\t\t<\/section>\n\t\t\t\t<section class=\"elementor-section elementor-top-section elementor-element elementor-element-54aa24a1 elementor-section-boxed elementor-section-height-default elementor-section-height-default\" data-id=\"54aa24a1\" data-element_type=\"section\">\n\t\t\t\t\t\t<div class=\"elementor-container elementor-column-gap-default\">\n\t\t\t\t\t<div class=\"elementor-column elementor-col-100 elementor-top-column elementor-element elementor-element-3c69fbb4\" data-id=\"3c69fbb4\" data-element_type=\"column\">\n\t\t\t<div class=\"elementor-widget-wrap elementor-element-populated\">\n\t\t\t\t\t\t\t\t<div class=\"elementor-element elementor-element-7026d2d2 elementor-widget elementor-widget-accordion\" data-id=\"7026d2d2\" data-element_type=\"widget\" data-widget_type=\"accordion.default\">\n\t\t\t\t<div class=\"elementor-widget-container\">\n\t\t\t<style>\/*! elementor - v3.11.2 - 22-02-2023 *\/\n.elementor-accordion{text-align:left}.elementor-accordion .elementor-accordion-item{border:1px solid #d4d4d4}.elementor-accordion .elementor-accordion-item+.elementor-accordion-item{border-top:none}.elementor-accordion .elementor-tab-title{margin:0;padding:15px 20px;font-weight:700;line-height:1;cursor:pointer;outline:none}.elementor-accordion .elementor-tab-title .elementor-accordion-icon{display:inline-block;width:1.5em}.elementor-accordion .elementor-tab-title .elementor-accordion-icon svg{width:1em;height:1em}.elementor-accordion .elementor-tab-title .elementor-accordion-icon.elementor-accordion-icon-right{float:right;text-align:right}.elementor-accordion .elementor-tab-title .elementor-accordion-icon.elementor-accordion-icon-left{float:left;text-align:left}.elementor-accordion .elementor-tab-title .elementor-accordion-icon .elementor-accordion-icon-closed{display:block}.elementor-accordion .elementor-tab-title .elementor-accordion-icon .elementor-accordion-icon-opened,.elementor-accordion .elementor-tab-title.elementor-active .elementor-accordion-icon-closed{display:none}.elementor-accordion .elementor-tab-title.elementor-active .elementor-accordion-icon-opened{display:block}.elementor-accordion .elementor-tab-content{display:none;padding:15px 20px;border-top:1px solid #d4d4d4}@media (max-width:767px){.elementor-accordion .elementor-tab-title{padding:12px 15px}.elementor-accordion .elementor-tab-title .elementor-accordion-icon{width:1.2em}.elementor-accordion .elementor-tab-content{padding:7px 15px}}.e-con-inner>.elementor-widget-accordion,.e-con>.elementor-widget-accordion{width:var(--container-widget-width);--flex-grow:var(--container-widget-flex-grow)}<\/style>\t\t<div class=\"elementor-accordion\" role=\"tablist\">\n\t\t\t\t\t\t\t<div class=\"elementor-accordion-item\">\n\t\t\t\t\t<h6 id=\"elementor-tab-title-1881\" class=\"elementor-tab-title\" data-tab=\"1\" role=\"tab\" aria-controls=\"elementor-tab-content-1881\" aria-expanded=\"false\">\n\t\t\t\t\t\t\t\t\t\t\t\t\t<span class=\"elementor-accordion-icon elementor-accordion-icon-left\" aria-hidden=\"true\">\n\t\t\t\t\t\t\t\t\t\t\t\t\t\t\t<span class=\"elementor-accordion-icon-closed\"><i class=\"fas fa-plus\"><\/i><\/span>\n\t\t\t\t\t\t\t\t<span class=\"elementor-accordion-icon-opened\"><i class=\"fas fa-minus\"><\/i><\/span>\n\t\t\t\t\t\t\t\t\t\t\t\t\t\t<\/span>\n\t\t\t\t\t\t\t\t\t\t\t\t<a class=\"elementor-accordion-title\" href=\"\">Tribut\u00e1rio<\/a>\n\t\t\t\t\t<\/h6>\n\t\t\t\t\t<div id=\"elementor-tab-content-1881\" class=\"elementor-tab-content elementor-clearfix\" data-tab=\"1\" role=\"tabpanel\" aria-labelledby=\"elementor-tab-title-1881\"><p>No Brasil, todos os Entes Federativos possuem compet\u00eancia tribut\u00e1ria, ou seja, o poder de instituir, arrecadar e fiscalizar tributos, conforme estabelecido pela Constitui\u00e7\u00e3o da Rep\u00fablica (CRFB).<\/p><p>Por conta da compet\u00eancia atribu\u00edda pela CRFB, v\u00ea-se que o sistema tribut\u00e1rio nacional \u00e9 extremamente complexo e cheio de peculiaridades espec\u00edficas, nuances essas que demandam um conhecimento espec\u00edfico, cauteloso e assertivo.<\/p><p>A nossa equipe entende que a atua\u00e7\u00e3o no tribut\u00e1rio (seja no consultivo ou no contencioso) envolve dois principais aspectos: diminui\u00e7\u00e3o de riscos e busca por conformidade fiscal.<\/p><p>Por conta disso, somos especialistas em gest\u00e3o tribut\u00e1ria, realizando a an\u00e1lise de processos de produ\u00e7\u00e3o e comercializa\u00e7\u00e3o (due diligence fiscal), busca por economia tribut\u00e1ria, governan\u00e7a tribut\u00e1ria, recupera\u00e7\u00e3o de cr\u00e9dito e defesa em autua\u00e7\u00f5es fiscais judiciais ou administrativas.<\/p><p>\u00a0<\/p><\/div>\n\t\t\t\t<\/div>\n\t\t\t\t\t\t\t<div class=\"elementor-accordion-item\">\n\t\t\t\t\t<h6 id=\"elementor-tab-title-1882\" class=\"elementor-tab-title\" data-tab=\"2\" role=\"tab\" aria-controls=\"elementor-tab-content-1882\" aria-expanded=\"false\">\n\t\t\t\t\t\t\t\t\t\t\t\t\t<span class=\"elementor-accordion-icon elementor-accordion-icon-left\" aria-hidden=\"true\">\n\t\t\t\t\t\t\t\t\t\t\t\t\t\t\t<span class=\"elementor-accordion-icon-closed\"><i class=\"fas fa-plus\"><\/i><\/span>\n\t\t\t\t\t\t\t\t<span class=\"elementor-accordion-icon-opened\"><i class=\"fas fa-minus\"><\/i><\/span>\n\t\t\t\t\t\t\t\t\t\t\t\t\t\t<\/span>\n\t\t\t\t\t\t\t\t\t\t\t\t<a class=\"elementor-accordion-title\" href=\"\">Empresarial e Societ\u00e1rio<\/a>\n\t\t\t\t\t<\/h6>\n\t\t\t\t\t<div id=\"elementor-tab-content-1882\" class=\"elementor-tab-content elementor-clearfix\" data-tab=\"2\" role=\"tabpanel\" aria-labelledby=\"elementor-tab-title-1882\"><p>Alinhados com a perspectiva de que o desenvolvimento e o crescimento do mercado dependem de um ambiente econ\u00f4mico livre, f\u00e9rtil e respons\u00e1vel, o escrit\u00f3rio acredita na potencialidade das rela\u00e7\u00f5es societ\u00e1rias e empresariais como o condutor para um futuro melhor.<\/p><p>O escrit\u00f3rio trabalha no assessoramento dos clientes nas quest\u00f5es relacionadas a contratos empresariais, instrumentos societ\u00e1rios, governan\u00e7a (ESG), estrutura\u00e7\u00e3o de opera\u00e7\u00f5es de investimento, acordo de acionistas e fomento \u00e0s rela\u00e7\u00f5es comerciais.<\/p><p>Al\u00e9m disso, representamos os interesses dos clientes, no Brasil e no exterior, para fomento de neg\u00f3cios e estrutura\u00e7\u00e3o de sociedades empresariais, mediando conflitos societ\u00e1rios e conduzindo problemas \u00e0 solu\u00e7\u00f5es inteligentes.<\/p><\/div>\n\t\t\t\t<\/div>\n\t\t\t\t\t\t\t<div class=\"elementor-accordion-item\">\n\t\t\t\t\t<h6 id=\"elementor-tab-title-1883\" class=\"elementor-tab-title\" data-tab=\"3\" role=\"tab\" aria-controls=\"elementor-tab-content-1883\" aria-expanded=\"false\">\n\t\t\t\t\t\t\t\t\t\t\t\t\t<span class=\"elementor-accordion-icon elementor-accordion-icon-left\" aria-hidden=\"true\">\n\t\t\t\t\t\t\t\t\t\t\t\t\t\t\t<span class=\"elementor-accordion-icon-closed\"><i class=\"fas fa-plus\"><\/i><\/span>\n\t\t\t\t\t\t\t\t<span class=\"elementor-accordion-icon-opened\"><i class=\"fas fa-minus\"><\/i><\/span>\n\t\t\t\t\t\t\t\t\t\t\t\t\t\t<\/span>\n\t\t\t\t\t\t\t\t\t\t\t\t<a class=\"elementor-accordion-title\" href=\"\">Imobili\u00e1rio<\/a>\n\t\t\t\t\t<\/h6>\n\t\t\t\t\t<div id=\"elementor-tab-content-1883\" class=\"elementor-tab-content elementor-clearfix\" data-tab=\"3\" role=\"tabpanel\" aria-labelledby=\"elementor-tab-title-1883\"><p>O escrit\u00f3rio se destaca por oferecer a m\u00e1xima seguran\u00e7a jur\u00eddica para as transa\u00e7\u00f5es imobili\u00e1rias e gest\u00e3o patrimonial de seus clientes, com qualidade e rigor t\u00e9cnico de excel\u00eancia.<\/p><p><span style=\"font-size: 1rem;\">Nossa profunda expertise no mercado imobili\u00e1rio nos habilita a assessorar juridicamente imobili\u00e1rias, incorporadoras, construtoras, investidores, fundos de investimento e corretores independentes que buscam o sucesso dos seus neg\u00f3cios imobili\u00e1rios.<\/span><br><\/p><p><span style=\"font-size: 1rem;\">Somos especialistas em oferecer solu\u00e7\u00f5es seguras e rent\u00e1veis para a gest\u00e3o do seu patrim\u00f4nio imobili\u00e1rio, atuando especialmente com contratos de incorpora\u00e7\u00e3o, an\u00e1lise de risco (due diligence), compra e venda, regulariza\u00e7\u00e3o fundi\u00e1ria e demais transa\u00e7\u00f5es imobili\u00e1rias.<\/span><br><\/p><\/div>\n\t\t\t\t<\/div>\n\t\t\t\t\t\t\t<div class=\"elementor-accordion-item\">\n\t\t\t\t\t<h6 id=\"elementor-tab-title-1884\" class=\"elementor-tab-title\" data-tab=\"4\" role=\"tab\" aria-controls=\"elementor-tab-content-1884\" aria-expanded=\"false\">\n\t\t\t\t\t\t\t\t\t\t\t\t\t<span class=\"elementor-accordion-icon elementor-accordion-icon-left\" aria-hidden=\"true\">\n\t\t\t\t\t\t\t\t\t\t\t\t\t\t\t<span class=\"elementor-accordion-icon-closed\"><i class=\"fas fa-plus\"><\/i><\/span>\n\t\t\t\t\t\t\t\t<span class=\"elementor-accordion-icon-opened\"><i class=\"fas fa-minus\"><\/i><\/span>\n\t\t\t\t\t\t\t\t\t\t\t\t\t\t<\/span>\n\t\t\t\t\t\t\t\t\t\t\t\t<a class=\"elementor-accordion-title\" href=\"\">Media\u00e7\u00e3o e Arbitragem<\/a>\n\t\t\t\t\t<\/h6>\n\t\t\t\t\t<div id=\"elementor-tab-content-1884\" class=\"elementor-tab-content elementor-clearfix\" data-tab=\"4\" role=\"tabpanel\" aria-labelledby=\"elementor-tab-title-1884\"><p>A media\u00e7\u00e3o e a arbitragem s\u00e3o meios adequados de resolu\u00e7\u00e3o de conflitos. Demonstram-se como instrumentos important\u00edssimos de resolu\u00e7\u00e3o de demandas que, inevitavelmente, seriam levados ao poder judici\u00e1rio.<\/p><p>O escrit\u00f3rio, alinhado com a perspectiva da necessidade de resolu\u00e7\u00e3o adequada dos conflitos (pacifica\u00e7\u00e3o social), adota a media\u00e7\u00e3o e arbitragem como alternativas \u00e0 judicializa\u00e7\u00e3o.<\/p><p>Temos uma equipe especializada e voltada para o assessoramento dos clientes, seja para participa\u00e7\u00e3o de um procedimento arbitral e sess\u00f5es de media\u00e7\u00e3o, ou para a ado\u00e7\u00e3o de medidas pr\u00e9vias mitigar conflitos futuros.<\/p><\/div>\n\t\t\t\t<\/div>\n\t\t\t\t\t\t\t<div class=\"elementor-accordion-item\">\n\t\t\t\t\t<h6 id=\"elementor-tab-title-1885\" class=\"elementor-tab-title\" data-tab=\"5\" role=\"tab\" aria-controls=\"elementor-tab-content-1885\" aria-expanded=\"false\">\n\t\t\t\t\t\t\t\t\t\t\t\t\t<span class=\"elementor-accordion-icon elementor-accordion-icon-left\" aria-hidden=\"true\">\n\t\t\t\t\t\t\t\t\t\t\t\t\t\t\t<span class=\"elementor-accordion-icon-closed\"><i class=\"fas fa-plus\"><\/i><\/span>\n\t\t\t\t\t\t\t\t<span class=\"elementor-accordion-icon-opened\"><i class=\"fas fa-minus\"><\/i><\/span>\n\t\t\t\t\t\t\t\t\t\t\t\t\t\t<\/span>\n\t\t\t\t\t\t\t\t\t\t\t\t<a class=\"elementor-accordion-title\" href=\"\">Contratos e Estrutura\u00e7\u00e3o de Neg\u00f3cios<\/a>\n\t\t\t\t\t<\/h6>\n\t\t\t\t\t<div id=\"elementor-tab-content-1885\" class=\"elementor-tab-content elementor-clearfix\" data-tab=\"5\" role=\"tabpanel\" aria-labelledby=\"elementor-tab-title-1885\"><p>O escrit\u00f3rio trabalha no fomento de neg\u00f3cios, auxiliando na estrutura\u00e7\u00e3o de novos empreendimentos e atividades empresariais.<\/p><p>A equipe multidisciplinar trabalha na elabora\u00e7\u00e3o de contratos, planejamento estrat\u00e9gico, planos de neg\u00f3cios, an\u00e1lise de riscos e assessoramento de departamentos jur\u00eddicos internos dos clientes.<\/p><p>Visando solu\u00e7\u00f5es inteligentes, a equipe trabalha para entregar estrutura\u00e7\u00f5es conscientes e eficientes, visando a melhor performance nas opera\u00e7\u00f5es comerciais tanto no Brasil quanto no exterior.<\/p><\/div>\n\t\t\t\t<\/div>\n\t\t\t\t\t\t\t<div class=\"elementor-accordion-item\">\n\t\t\t\t\t<h6 id=\"elementor-tab-title-1886\" class=\"elementor-tab-title\" data-tab=\"6\" role=\"tab\" aria-controls=\"elementor-tab-content-1886\" aria-expanded=\"false\">\n\t\t\t\t\t\t\t\t\t\t\t\t\t<span class=\"elementor-accordion-icon elementor-accordion-icon-left\" aria-hidden=\"true\">\n\t\t\t\t\t\t\t\t\t\t\t\t\t\t\t<span class=\"elementor-accordion-icon-closed\"><i class=\"fas fa-plus\"><\/i><\/span>\n\t\t\t\t\t\t\t\t<span class=\"elementor-accordion-icon-opened\"><i class=\"fas fa-minus\"><\/i><\/span>\n\t\t\t\t\t\t\t\t\t\t\t\t\t\t<\/span>\n\t\t\t\t\t\t\t\t\t\t\t\t<a class=\"elementor-accordion-title\" href=\"\">Servi\u00e7os de Transporte Rodovi\u00e1rio<\/a>\n\t\t\t\t\t<\/h6>\n\t\t\t\t\t<div id=\"elementor-tab-content-1886\" class=\"elementor-tab-content elementor-clearfix\" data-tab=\"6\" role=\"tabpanel\" aria-labelledby=\"elementor-tab-title-1886\"><p>Sabe-se que boa parte do tr\u00e2nsito de mercadorias no Brasil \u00e9 feito por interm\u00e9dio do transporte rodovi\u00e1rio de cargas. Tratando-se de uma \u00e1rea espec\u00edfica de atua\u00e7\u00e3o, o escrit\u00f3rio atua de maneira integrada com as empresas de transporte que prestam servi\u00e7os para o mercado brasileiro.<\/p><p>Trabalhamos para demandas espec\u00edficas envolvendo o transporte rodovi\u00e1rio, atuando na solu\u00e7\u00e3o de demandas ligadas \u00e0s cadeias de distribui\u00e7\u00e3o de bens e escoamento de bens de produ\u00e7\u00e3o, principalmente na defesa dos interesses das ETC (Empresa de Transporte de Cargas), CTC (Cooperativa de Transporte de Cargas) e TAC (Transportador Aut\u00f4nomo de Cargas).<\/p><\/div>\n\t\t\t\t<\/div>\n\t\t\t\t\t\t\t\t<\/div>\n\t\t\t\t<\/div>\n\t\t\t\t<\/div>\n\t\t\t\t\t<\/div>\n\t\t<\/div>\n\t\t\t\t\t\t\t<\/div>\n\t\t<\/section>\n\t\t\t\t<section class=\"elementor-section elementor-top-section elementor-element elementor-element-7a6c3b34 elementor-section-boxed elementor-section-height-default elementor-section-height-default\" data-id=\"7a6c3b34\" data-element_type=\"section\" data-settings=\"{&quot;background_background&quot;:&quot;classic&quot;}\">\n\t\t\t\t\t\t<div class=\"elementor-container elementor-column-gap-default\">\n\t\t\t\t\t<div class=\"elementor-column elementor-col-66 elementor-top-column elementor-element elementor-element-769c4d74\" data-id=\"769c4d74\" data-element_type=\"column\">\n\t\t\t<div class=\"elementor-widget-wrap elementor-element-populated\">\n\t\t\t\t\t\t\t\t<div class=\"elementor-element elementor-element-135069be elementor-widget elementor-widget-heading\" data-id=\"135069be\" data-element_type=\"widget\" data-widget_type=\"heading.default\">\n\t\t\t\t<div class=\"elementor-widget-container\">\n\t\t\t<h3 class=\"elementor-heading-title elementor-size-default\"><h3 class=\"elementor-heading-title elementor-size-default\" style=\"font-family: &quot;Century Ghotic&quot;, sans-serif; color: rgb(64, 64, 64); white-space: normal;\">N\u00e3o hesite em entrar em contato conosco a qualquer momento<\/h3><\/h3>\t\t<\/div>\n\t\t\t\t<\/div>\n\t\t\t\t\t<\/div>\n\t\t<\/div>\n\t\t\t\t<div class=\"elementor-column elementor-col-33 elementor-top-column elementor-element elementor-element-113f73c5\" data-id=\"113f73c5\" data-element_type=\"column\">\n\t\t\t<div class=\"elementor-widget-wrap elementor-element-populated\">\n\t\t\t\t\t\t\t\t<div class=\"elementor-element elementor-element-1cdc382b elementor-align-right elementor-mobile-align-center elementor-widget elementor-widget-button\" data-id=\"1cdc382b\" data-element_type=\"widget\" data-widget_type=\"button.default\">\n\t\t\t\t<div class=\"elementor-widget-container\">\n\t\t\t\t\t<div class=\"elementor-button-wrapper\">\n\t\t\t<a href=\"#\" class=\"elementor-button-link elementor-button elementor-size-md\" role=\"button\">\n\t\t\t\t\t\t<span class=\"elementor-button-content-wrapper\">\n\t\t\t\t\t\t<span class=\"elementor-button-text\">Falar com um Advogado<\/span>\n\t\t<\/span>\n\t\t\t\t\t<\/a>\n\t\t<\/div>\n\t\t\t\t<\/div>\n\t\t\t\t<\/div>\n\t\t\t\t\t<\/div>\n\t\t<\/div>\n\t\t\t\t\t\t\t<\/div>\n\t\t<\/section>\n\t\t\t\t\t\t\t<\/div>\n\t\t","protected":false},"excerpt":{"rendered":"<p>\u00c1reas de Atua\u00e7\u00e3o O escrit\u00f3rio visa o atendimento especializado e competente, compartilhando uma vis\u00e3o multidisciplinar para atendimento das mais variadas demandas dos clientes. Tribut\u00e1rio No Brasil, todos os Entes Federativos possuem compet\u00eancia tribut\u00e1ria, ou seja, o poder de instituir, arrecadar e fiscalizar tributos, conforme estabelecido pela Constitui\u00e7\u00e3o da Rep\u00fablica (CRFB). Por conta da compet\u00eancia atribu\u00edda [&hellip;]<\/p>\n","protected":false},"author":1,"featured_media":0,"parent":0,"menu_order":0,"comment_status":"closed","ping_status":"closed","template":"elementor_header_footer","meta":{"footnotes":""},"class_list":["post-111","page","type-page","status-publish","hentry"],"_links":{"self":[{"href":"https:\/\/lucasvasconcelosadv.com.br\/index.php\/wp-json\/wp\/v2\/pages\/111","targetHints":{"allow":["GET"]}}],"collection":[{"href":"https:\/\/lucasvasconcelosadv.com.br\/index.php\/wp-json\/wp\/v2\/pages"}],"about":[{"href":"https:\/\/lucasvasconcelosadv.com.br\/index.php\/wp-json\/wp\/v2\/types\/page"}],"author":[{"embeddable":true,"href":"https:\/\/lucasvasconcelosadv.com.br\/index.php\/wp-json\/wp\/v2\/users\/1"}],"replies":[{"embeddable":true,"href":"https:\/\/lucasvasconcelosadv.com.br\/index.php\/wp-json\/wp\/v2\/comments?post=111"}],"version-history":[{"count":17,"href":"https:\/\/lucasvasconcelosadv.com.br\/index.php\/wp-json\/wp\/v2\/pages\/111\/revisions"}],"predecessor-version":[{"id":530,"href":"https:\/\/lucasvasconcelosadv.com.br\/index.php\/wp-json\/wp\/v2\/pages\/111\/revisions\/530"}],"wp:attachment":[{"href":"https:\/\/lucasvasconcelosadv.com.br\/index.php\/wp-json\/wp\/v2\/media?parent=111"}],"curies":[{"name":"wp","href":"https:\/\/api.w.org\/{rel}","templated":true}]}}